{"id":8378,"date":"2023-07-18T12:53:02","date_gmt":"2023-07-18T10:53:02","guid":{"rendered":"https:\/\/qvantumhealth.com\/?post_type=product&#038;p=8378"},"modified":"2026-02-24T18:42:44","modified_gmt":"2026-02-24T17:42:44","slug":"qvantum-kit","status":"publish","type":"product","link":"https:\/\/staging.qvantumhealth.com\/es\/producto\/qvantum-kit\/","title":{"rendered":"kit qvantum"},"content":{"rendered":"<div data-elementor-type=\"product-post\" data-elementor-id=\"8378\" class=\"elementor elementor-8378\" data-elementor-post-type=\"product\">\n\t\t\t\t\t\t<section class=\"elementor-section elementor-top-section elementor-element elementor-element-327a7537 elementor-section-boxed elementor-section-height-default elementor-section-height-default\" data-id=\"327a7537\" data-element_type=\"section\">\n\t\t\t\t\t\t<div class=\"elementor-container elementor-column-gap-default\">\n\t\t\t\t\t<div class=\"elementor-column elementor-col-100 elementor-top-column elementor-element elementor-element-79b24c85\" data-id=\"79b24c85\" data-element_type=\"column\">\n\t\t\t<div class=\"elementor-widget-wrap elementor-element-populated\">\n\t\t\t\t\t\t<div class=\"elementor-element elementor-element-6cca58d5 elementor-widget elementor-widget-image\" data-id=\"6cca58d5\" data-element_type=\"widget\" data-widget_type=\"image.default\">\n\t\t\t\t\t\t\t\t\t\t\t\t\t\t\t<img decoding=\"async\" width=\"60\" height=\"71\" src=\"https:\/\/staging.qvantumhealth.com\/wp-content\/uploads\/2023\/08\/icon_60.jpg\" class=\"attachment-large size-large wp-image-9571\" alt=\"Qvantum Health\" srcset=\"https:\/\/staging.qvantumhealth.com\/wp-content\/uploads\/2023\/08\/icon_60.jpg 60w, https:\/\/staging.qvantumhealth.com\/wp-content\/uploads\/2023\/08\/icon_60-10x12.jpg 10w\" sizes=\"(max-width: 60px) 100vw, 60px\" \/>\t\t\t\t\t\t\t\t\t\t\t\t\t\t\t<\/div>\n\t\t\t\t<div class=\"elementor-element elementor-element-4973d408 elementor-widget elementor-widget-heading\" data-id=\"4973d408\" data-element_type=\"widget\" data-widget_type=\"heading.default\">\n\t\t\t\t\t<h3 class=\"elementor-heading-title elementor-size-default\">REVIEWS FROM OUR SOCIAL NETWORKS<\/h3>\t\t\t\t<\/div>\n\t\t\t\t<div class=\"elementor-element elementor-element-650c7758 elementor-widget elementor-widget-shortcode\" data-id=\"650c7758\" data-element_type=\"widget\" data-widget_type=\"shortcode.default\">\n\t\t\t\t\t\t\t<div class=\"elementor-shortcode\"><div class=\"wprevpro-shortcode-wrapper\"><div><style>#wprev-slider-5 .wprevpro_star_imgs{color: #FDD314;}#wprev-slider-5 .wprsp-star{color: #FDD314;}#wprev-slider-5 .wprevpro_star_imgs span.svgicons {background: #FDD314;}#wprev-slider-5 .wprev_preview_bradius_T6 {border-radius: 5px;}#wprev-slider-5 .wprev_preview_bg1_T6 {background:rgba(255,255,255,0.15);}#wprev-slider-5 .wprev_preview_bg2_T6 {background:rgb(255,255,255);}#wprev-slider-5 .wprev_preview_tcolor1_T6 {color:rgb(128,128,128);}#wprev-slider-5 .wprev_preview_tcolor2_T6 {color:rgb(121,121,121);}#wprev-slider-5 .wprev_preview_bradius_T6 {border-color:rgb(255,255,255);}#wprev-slider-5 .wprev_preview_bradius_T6 {box-shadow:0 0 10px 2px rgb(0 0 0 \/ 14%);}#wprev-slider-5 .wprs_rd_more,.wprs_rd_less,.wprevpro_btn_show_rdpop{color:#1e73be;}#wprev-slider-5 .wprevpro_star_imgs span.svgicons {width: 18px; height: 18px;}#wprev-slider-5 .wprevsiteicon {height: 32px;}<\/style><style>#wprev-slider-5 .indrevlineclamp{display:-webkit-box;-webkit-line-clamp: 3;-webkit-box-orient: vertical;overflow:hidden;hyphens: auto;word-break: auto-phrase;}<\/style><\/div><div class=\"wprevpro wprev-slick-slider revnotsameheight\" id=\"wprev-slider-5\"><div id=\"wprevgoslickid_5\"  style=\"display:none;\" class=\"wprevgoslick w3_wprs-row\" data-avatartemplate=\"0\" data-totalreviewsnum=\"6\" data-revsperrow=\"3\" data-wprevmasonry=\"no\" data-loadmore=\"no\" data-avatarnav=\"no\" data-revsameheight=\"no\" data-slickwprev='{\"slidesToShow\": 3,\"slidesToScroll\": 3,\"dots\": true,\"arrows\": true,\"infinite\": false,\"speed\": 750,\"adaptiveHeight\": false,\"centerMode\": false,\"fade\":false,\"centerPadding\": \"60px\", \"rows\":1}'><div class=\"wprevpro_t6_DIV_1 w3_wprs-col l4 outerrevdiv\">\r\n<div class=\"wpproslider_t6_DIV_1a\">\r\n\t<div class=\"indrevdiv wpproslider_t6_DIV_2 wprev_preview_bg1_T6 wprev_preview_bradius_T6\">\r\n\t<div class=\"wpproslider_t6_DIV_2_top\">\r\n\t\t<div class=\"wpproslider_t6_DIV_3L\" ><img decoding=\"async\" loading=\"lazy\" src=\"https:\/\/staging.qvantumhealth.com\/wp-content\/uploads\/wprevslider\/cache\/1696056820_taxib_4_60.png\" alt=\"Taxi b. Avatar\" class=\"wpproslider_t6_IMG_2 wprevpro_avatarimg\" \/><\/div>\r\n\t\t<div class=\"wpproslider_t6_DIV_3\">\r\n\t\t\t<div class=\"t6displayname wpproslider_t6_STRONG_5 wprev_preview_tcolor2_T6\">Taxi b.<\/div>\r\n\t\t\t<div class=\"wpproslider_t6_star_DIV\"><span class=\"wprevpro_star_imgs_T6\"><span class=\"starloc1 wprevpro_star_imgs wprevpro_star_imgsloc1\"><span class=\"svgicons svg-wprsp-star\"><\/span><span class=\"svgicons svg-wprsp-star\"><\/span><span class=\"svgicons svg-wprsp-star\"><\/span><span class=\"svgicons svg-wprsp-star\"><\/span><span class=\"svgicons svg-wprsp-star\"><\/span><\/span><\/span><\/div>\r\n\t\t\t<div class=\"wpproslider_t6_SPAN_6 wprev_preview_tcolor2_T6\"><span class=\"wprev_showdate_T6\">9\/30\/2023<\/span><\/div>\r\n\t\t<\/div>\r\n\t<\/div>\r\n\t<div class=\"wpproslider_t6_DIV_4\">\r\n\t\t\t<div class=\"indrevtxt wpproslider_t6_P_4 wprev_preview_tcolor1_T6\"><div class='readmoretextdiv indrevlineclamp' data-lines='3' data-revid='4'>\t\t\t\tOf course I recommend them, my health and well-being are much better thanks to NMN, I cannot be happier to have discovered this product<\/div><div class='divwprsrdmore' style='opacity:0;'><span class='wprs_rd_more'>read more<\/span><span class='wprs_rd_less' style='display:none;'>read less<\/span><\/div>\t\t\t<\/div>\r\n\t\t\t\t\t<\/div>\r\n\r\n\t<div class=\"wpproslider_t6_DIV_3_logo\"><a href=\"https:\/\/www.facebook.com\/225741680504638\" target=\"_blank\" rel=\"nofollow noreferrer noopener\" class=\"wprevpro_t6_site_logo_a\"><img decoding=\"async\" width=\"32\" height=\"32\" src=\"https:\/\/staging.qvantumhealth.com\/wp-content\/plugins\/wp-review-slider-pro\/public\/partials\/imgs\/facebook_small_icon.svg\" alt=\"Facebook Logo\" class=\"wprevpro_t6_site_logo wprevsiteicon\"><\/a><\/div>\r\n\t<\/div>\r\n\t\r\n<\/div>\r\n\t\r\n<\/div>\r\n<div class=\"wprevpro_t6_DIV_1 w3_wprs-col l4 outerrevdiv\">\r\n<div class=\"wpproslider_t6_DIV_1a\">\r\n\t<div class=\"indrevdiv wpproslider_t6_DIV_2 wprev_preview_bg1_T6 wprev_preview_bradius_T6\">\r\n\t<div class=\"wpproslider_t6_DIV_2_top\">\r\n\t\t<div class=\"wpproslider_t6_DIV_3L\" ><img decoding=\"async\" loading=\"lazy\" src=\"https:\/\/staging.qvantumhealth.com\/wp-content\/uploads\/wprevslider\/cache\/1696057009_maxirislife_3_60.png\" alt=\"Maxirislife Avatar\" class=\"wpproslider_t6_IMG_2 wprevpro_avatarimg\" \/><\/div>\r\n\t\t<div class=\"wpproslider_t6_DIV_3\">\r\n\t\t\t<div class=\"t6displayname wpproslider_t6_STRONG_5 wprev_preview_tcolor2_T6\">Maxirislife<\/div>\r\n\t\t\t<div class=\"wpproslider_t6_star_DIV\"><span class=\"wprevpro_star_imgs_T6\"><span class=\"starloc1 wprevpro_star_imgs wprevpro_star_imgsloc1\"><span class=\"svgicons svg-wprsp-star\"><\/span><span class=\"svgicons svg-wprsp-star\"><\/span><span class=\"svgicons svg-wprsp-star\"><\/span><span class=\"svgicons svg-wprsp-star\"><\/span><span class=\"svgicons svg-wprsp-star\"><\/span><\/span><\/span><\/div>\r\n\t\t\t<div class=\"wpproslider_t6_SPAN_6 wprev_preview_tcolor2_T6\"><span class=\"wprev_showdate_T6\">9\/30\/2023<\/span><\/div>\r\n\t\t<\/div>\r\n\t<\/div>\r\n\t<div class=\"wpproslider_t6_DIV_4\">\r\n\t\t\t<div class=\"indrevtxt wpproslider_t6_P_4 wprev_preview_tcolor1_T6\"><div class='readmoretextdiv indrevlineclamp' data-lines='3' data-revid='3'>\t\t\t\tAs good athletes we have chosen the NMN for ourselves, the change is quickly noticeable, more well-being and power<\/div><div class='divwprsrdmore' style='opacity:0;'><span class='wprs_rd_more'>read more<\/span><span class='wprs_rd_less' style='display:none;'>read less<\/span><\/div>\t\t\t<\/div>\r\n\t\t\t\t\t<\/div>\r\n\r\n\t<div class=\"wpproslider_t6_DIV_3_logo\"><a href=\"https:\/\/www.facebook.com\/327372399667962\" target=\"_blank\" rel=\"nofollow noreferrer noopener\" class=\"wprevpro_t6_site_logo_a\"><img decoding=\"async\" width=\"32\" height=\"32\" src=\"https:\/\/staging.qvantumhealth.com\/wp-content\/plugins\/wp-review-slider-pro\/public\/partials\/imgs\/facebook_small_icon.svg\" alt=\"Facebook Logo\" class=\"wprevpro_t6_site_logo wprevsiteicon\"><\/a><\/div>\r\n\t<\/div>\r\n\t\r\n<\/div>\r\n\t\r\n<\/div>\r\n<div class=\"wprevpro_t6_DIV_1 w3_wprs-col l4 outerrevdiv\">\r\n<div class=\"wpproslider_t6_DIV_1a\">\r\n\t<div class=\"indrevdiv wpproslider_t6_DIV_2 wprev_preview_bg1_T6 wprev_preview_bradius_T6\">\r\n\t<div class=\"wpproslider_t6_DIV_2_top\">\r\n\t\t<div class=\"wpproslider_t6_DIV_3L\" ><img decoding=\"async\" loading=\"lazy\" src=\"https:\/\/staging.qvantumhealth.com\/wp-content\/uploads\/wprevslider\/cache\/1700053920_annam_2_60.png\" alt=\"Anna M. Avatar\" class=\"wpproslider_t6_IMG_2 wprevpro_avatarimg\" \/><\/div>\r\n\t\t<div class=\"wpproslider_t6_DIV_3\">\r\n\t\t\t<div class=\"t6displayname wpproslider_t6_STRONG_5 wprev_preview_tcolor2_T6\">Anna M.<\/div>\r\n\t\t\t<div class=\"wpproslider_t6_star_DIV\"><span class=\"wprevpro_star_imgs_T6\"><span class=\"starloc1 wprevpro_star_imgs wprevpro_star_imgsloc1\"><span class=\"svgicons svg-wprsp-star\"><\/span><span class=\"svgicons svg-wprsp-star\"><\/span><span class=\"svgicons svg-wprsp-star\"><\/span><span class=\"svgicons svg-wprsp-star\"><\/span><span class=\"svgicons svg-wprsp-star\"><\/span><\/span><\/span><\/div>\r\n\t\t\t<div class=\"wpproslider_t6_SPAN_6 wprev_preview_tcolor2_T6\"><span class=\"wprev_showdate_T6\">11\/15\/2023<\/span><\/div>\r\n\t\t<\/div>\r\n\t<\/div>\r\n\t<div class=\"wpproslider_t6_DIV_4\">\r\n\t\t\t<div class=\"indrevtxt wpproslider_t6_P_4 wprev_preview_tcolor1_T6\"><div class='readmoretextdiv indrevlineclamp' data-lines='3' data-revid='2'>\t\t\t\tDas Team von Qvantum habe ich beim GREATOR Festival zuf\u00e4llig kennengelernt. Dass hinter dieser Firma so viel Leidenschaft und Know-how liegt, habe ich dann erlebt als ich in Mallorca war. Was f\u00fcr ein Segen.<br>\nQvantum bringt enorm viel Mehrwert durch ihre Produkte und Veranstaltungen. Ich bin gl\u00fccklich, Ren\u00e9 & Joachim zu kennen und zu meinem Freundeskreis z\u00e4hlen zu d\u00fcrfen.<\/div><div class='divwprsrdmore' style='opacity:0;'><span class='wprs_rd_more'>read more<\/span><span class='wprs_rd_less' style='display:none;'>read less<\/span><\/div>\t\t\t<\/div>\r\n\t\t\t\t\t<\/div>\r\n\r\n\t<div class=\"wpproslider_t6_DIV_3_logo\"><a href=\"https:\/\/www.facebook.com\/7235756036456324\" target=\"_blank\" rel=\"nofollow noreferrer noopener\" class=\"wprevpro_t6_site_logo_a\"><img decoding=\"async\" width=\"32\" height=\"32\" src=\"https:\/\/staging.qvantumhealth.com\/wp-content\/plugins\/wp-review-slider-pro\/public\/partials\/imgs\/facebook_small_icon.svg\" alt=\"Facebook Logo\" class=\"wprevpro_t6_site_logo wprevsiteicon\"><\/a><\/div>\r\n\t<\/div>\r\n\t\r\n<\/div>\r\n\t\r\n<\/div>\r\n<div class=\"wprevpro_t6_DIV_1 w3_wprs-col l4 outerrevdiv\">\r\n<div class=\"wpproslider_t6_DIV_1a\">\r\n\t<div class=\"indrevdiv wpproslider_t6_DIV_2 wprev_preview_bg1_T6 wprev_preview_bradius_T6\">\r\n\t<div class=\"wpproslider_t6_DIV_2_top\">\r\n\t\t<div class=\"wpproslider_t6_DIV_3L\" ><img decoding=\"async\" loading=\"lazy\" src=\"https:\/\/staging.qvantumhealth.com\/wp-content\/uploads\/wprevslider\/cache\/1696056473_successm_6_60.png\" alt=\"Success m. Avatar\" class=\"wpproslider_t6_IMG_2 wprevpro_avatarimg\" \/><\/div>\r\n\t\t<div class=\"wpproslider_t6_DIV_3\">\r\n\t\t\t<div class=\"t6displayname wpproslider_t6_STRONG_5 wprev_preview_tcolor2_T6\">Success m.<\/div>\r\n\t\t\t<div class=\"wpproslider_t6_star_DIV\"><span class=\"wprevpro_star_imgs_T6\"><span class=\"starloc1 wprevpro_star_imgs wprevpro_star_imgsloc1\"><span class=\"svgicons svg-wprsp-star\"><\/span><span class=\"svgicons svg-wprsp-star\"><\/span><span class=\"svgicons svg-wprsp-star\"><\/span><span class=\"svgicons svg-wprsp-star\"><\/span><span class=\"svgicons svg-wprsp-star\"><\/span><\/span><\/span><\/div>\r\n\t\t\t<div class=\"wpproslider_t6_SPAN_6 wprev_preview_tcolor2_T6\"><span class=\"wprev_showdate_T6\">9\/30\/2023<\/span><\/div>\r\n\t\t<\/div>\r\n\t<\/div>\r\n\t<div class=\"wpproslider_t6_DIV_4\">\r\n\t\t\t<div class=\"indrevtxt wpproslider_t6_P_4 wprev_preview_tcolor1_T6\"><div class='readmoretextdiv indrevlineclamp' data-lines='3' data-revid='6'>\t\t\t\tQvantum is a great discovery for me, their NMN product is really fantastic.<\/div><div class='divwprsrdmore' style='opacity:0;'><span class='wprs_rd_more'>read more<\/span><span class='wprs_rd_less' style='display:none;'>read less<\/span><\/div>\t\t\t<\/div>\r\n\t\t\t\t\t<\/div>\r\n\r\n\t<div class=\"wpproslider_t6_DIV_3_logo\"><a href=\"https:\/\/www.facebook.com\/358030966566070\" target=\"_blank\" rel=\"nofollow noreferrer noopener\" class=\"wprevpro_t6_site_logo_a\"><img decoding=\"async\" width=\"32\" height=\"32\" src=\"https:\/\/staging.qvantumhealth.com\/wp-content\/plugins\/wp-review-slider-pro\/public\/partials\/imgs\/facebook_small_icon.svg\" alt=\"Facebook Logo\" class=\"wprevpro_t6_site_logo wprevsiteicon\"><\/a><\/div>\r\n\t<\/div>\r\n\t\r\n<\/div>\r\n\t\r\n<\/div>\r\n<div class=\"wprevpro_t6_DIV_1 w3_wprs-col l4 outerrevdiv\">\r\n<div class=\"wpproslider_t6_DIV_1a\">\r\n\t<div class=\"indrevdiv wpproslider_t6_DIV_2 wprev_preview_bg1_T6 wprev_preview_bradius_T6\">\r\n\t<div class=\"wpproslider_t6_DIV_2_top\">\r\n\t\t<div class=\"wpproslider_t6_DIV_3L\" ><img decoding=\"async\" loading=\"lazy\" src=\"https:\/\/staging.qvantumhealth.com\/wp-content\/uploads\/wprevslider\/cache\/1700872084_steffenl_1_60.png\" alt=\"Steffen L. Avatar\" class=\"wpproslider_t6_IMG_2 wprevpro_avatarimg\" \/><\/div>\r\n\t\t<div class=\"wpproslider_t6_DIV_3\">\r\n\t\t\t<div class=\"t6displayname wpproslider_t6_STRONG_5 wprev_preview_tcolor2_T6\">Steffen L.<\/div>\r\n\t\t\t<div class=\"wpproslider_t6_star_DIV\"><span class=\"wprevpro_star_imgs_T6\"><span class=\"starloc1 wprevpro_star_imgs wprevpro_star_imgsloc1\"><span class=\"svgicons svg-wprsp-star\"><\/span><span class=\"svgicons svg-wprsp-star\"><\/span><span class=\"svgicons svg-wprsp-star\"><\/span><span class=\"svgicons svg-wprsp-star\"><\/span><span class=\"svgicons svg-wprsp-star\"><\/span><\/span><\/span><\/div>\r\n\t\t\t<div class=\"wpproslider_t6_SPAN_6 wprev_preview_tcolor2_T6\"><span class=\"wprev_showdate_T6\">11\/25\/2023<\/span><\/div>\r\n\t\t<\/div>\r\n\t<\/div>\r\n\t<div class=\"wpproslider_t6_DIV_4\">\r\n\t\t\t<div class=\"indrevtxt wpproslider_t6_P_4 wprev_preview_tcolor1_T6\"><div class='readmoretextdiv indrevlineclamp' data-lines='3' data-revid='1'>\t\t\t\tQvantum hat ein super Team und sehr effiziente Produkte. Sehr zu empfehlen!<\/div><div class='divwprsrdmore' style='opacity:0;'><span class='wprs_rd_more'>read more<\/span><span class='wprs_rd_less' style='display:none;'>read less<\/span><\/div>\t\t\t<\/div>\r\n\t\t\t\t\t<\/div>\r\n\r\n\t<div class=\"wpproslider_t6_DIV_3_logo\"><a href=\"https:\/\/www.facebook.com\/10232100004860323\" target=\"_blank\" rel=\"nofollow noreferrer noopener\" class=\"wprevpro_t6_site_logo_a\"><img decoding=\"async\" width=\"32\" height=\"32\" src=\"https:\/\/staging.qvantumhealth.com\/wp-content\/plugins\/wp-review-slider-pro\/public\/partials\/imgs\/facebook_small_icon.svg\" alt=\"Facebook Logo\" class=\"wprevpro_t6_site_logo wprevsiteicon\"><\/a><\/div>\r\n\t<\/div>\r\n\t\r\n<\/div>\r\n\t\r\n<\/div>\r\n<div class=\"wprevpro_t6_DIV_1 w3_wprs-col l4 outerrevdiv\">\r\n<div class=\"wpproslider_t6_DIV_1a\">\r\n\t<div class=\"indrevdiv wpproslider_t6_DIV_2 wprev_preview_bg1_T6 wprev_preview_bradius_T6\">\r\n\t<div class=\"wpproslider_t6_DIV_2_top\">\r\n\t\t<div class=\"wpproslider_t6_DIV_3L\" ><img decoding=\"async\" loading=\"lazy\" src=\"https:\/\/staging.qvantumhealth.com\/wp-content\/uploads\/wprevslider\/cache\/1696056648_calvip_5_60.png\" alt=\"Calvi\u00e1 P. Avatar\" class=\"wpproslider_t6_IMG_2 wprevpro_avatarimg\" \/><\/div>\r\n\t\t<div class=\"wpproslider_t6_DIV_3\">\r\n\t\t\t<div class=\"t6displayname wpproslider_t6_STRONG_5 wprev_preview_tcolor2_T6\">Calvi\u00e1 P.<\/div>\r\n\t\t\t<div class=\"wpproslider_t6_star_DIV\"><span class=\"wprevpro_star_imgs_T6\"><span class=\"starloc1 wprevpro_star_imgs wprevpro_star_imgsloc1\"><span class=\"svgicons svg-wprsp-star\"><\/span><span class=\"svgicons svg-wprsp-star\"><\/span><span class=\"svgicons svg-wprsp-star\"><\/span><span class=\"svgicons svg-wprsp-star\"><\/span><span class=\"svgicons svg-wprsp-star\"><\/span><\/span><\/span><\/div>\r\n\t\t\t<div class=\"wpproslider_t6_SPAN_6 wprev_preview_tcolor2_T6\"><span class=\"wprev_showdate_T6\">9\/30\/2023<\/span><\/div>\r\n\t\t<\/div>\r\n\t<\/div>\r\n\t<div class=\"wpproslider_t6_DIV_4\">\r\n\t\t\t<div class=\"indrevtxt wpproslider_t6_P_4 wprev_preview_tcolor1_T6\"><div class='readmoretextdiv indrevlineclamp' data-lines='3' data-revid='5'>\t\t\t\tWe have been testing Qvantum World's NMN products for some time. Thanks to Renee for advising us on everything<\/div><div class='divwprsrdmore' style='opacity:0;'><span class='wprs_rd_more'>read more<\/span><span class='wprs_rd_less' style='display:none;'>read less<\/span><\/div>\t\t\t<\/div>\r\n\t\t\t\t\t<\/div>\r\n\r\n\t<div class=\"wpproslider_t6_DIV_3_logo\"><a href=\"https:\/\/www.facebook.com\/273941852208915\" target=\"_blank\" rel=\"nofollow noreferrer noopener\" class=\"wprevpro_t6_site_logo_a\"><img decoding=\"async\" width=\"32\" height=\"32\" src=\"https:\/\/staging.qvantumhealth.com\/wp-content\/plugins\/wp-review-slider-pro\/public\/partials\/imgs\/facebook_small_icon.svg\" alt=\"Facebook Logo\" class=\"wprevpro_t6_site_logo wprevsiteicon\"><\/a><\/div>\r\n\t<\/div>\r\n\t\r\n<\/div>\r\n\t\r\n<\/div>\r\n<\/div><\/div><script type=\"application\/ld+json\">{\n    \"@context\": \"http:\\\/\\\/schema.org\\\/\",\n    \"@type\": \"Product\",\n    \"name\": \"Qvantum kit | NMN + Trans-resveratrol + TMG | 30gr\",\n    \"description\": \"Crafted for purity and potency, NMN + TMG + Resveratrol powder is the ideal choice for a balanced lifestyle. Get certified quality from Qvantum Health.\",\n    \"aggregateRating\": {\n        \"@type\": \"AggregateRating\",\n        \"ratingValue\": \"5\",\n        \"ratingCount\": \"6\",\n        \"bestRating\": \"5\",\n        \"worstRating\": \"1\"\n    },\n    \"image\": \"https:\\\/\\\/staging.qvantumhealth.com\\\/wp-content\\\/uploads\\\/2023\\\/07\\\/qvantum_r.svg\",\n    \"brand\": {\n        \"@type\": \"Brand\",\n        \"name\": \"Qvantum Health\"\n    },\n    \"offers\": {\n        \"@type\": \"Offer\",\n        \"url\": \"https:\\\/\\\/staging.qvantumhealth.com\\\/product\\\/qvantum-kit\",\n        \"priceCurrency\": \"EUR\",\n        \"price\": \"84.9\",\n        \"availability\": \"InStock\",\n        \"priceValidUntil\": \"\"\n    },\n    \"sku\": \"QHK_30\",\n    \"GTIN\": \"8495390807032|8495390807001|8495390807063\"\n}<\/script><\/div><\/div>\n\t\t\t\t\t\t<\/div>\n\t\t\t\t\t<\/div>\n\t\t<\/div>\n\t\t\t\t\t<\/div>\n\t\t<\/section>\n\t\t\t\t<\/div>","protected":false},"excerpt":{"rendered":"<p>NMN, Trans-resveratrol and TMG 30gr each.<\/p>","protected":false},"featured_media":12561,"comment_status":"open","ping_status":"closed","template":"","meta":[],"product_brand":[],"product_cat":[45],"product_tag":[],"class_list":{"0":"post-8378","1":"product","2":"type-product","3":"status-publish","4":"has-post-thumbnail","6":"product_cat-powder","7":"has-subscription-plans","9":"first","10":"instock","11":"taxable","12":"shipping-taxable","13":"purchasable","14":"product-type-simple"},"bundled_by":[],"bundle_stock_status":"instock","bundle_stock_quantity":null,"bundle_virtual":false,"bundle_layout":"","bundle_add_to_cart_form_location":"","bundle_editable_in_cart":false,"bundle_sold_individually_context":"","bundle_item_grouping":"","bundle_min_size":"","bundle_max_size":"","bundle_price":[],"bundled_items":[],"bundle_sell_ids":[],"_links":{"self":[{"href":"https:\/\/staging.qvantumhealth.com\/es\/wp-json\/wp\/v2\/product\/8378","targetHints":{"allow":["GET"]}}],"collection":[{"href":"https:\/\/staging.qvantumhealth.com\/es\/wp-json\/wp\/v2\/product"}],"about":[{"href":"https:\/\/staging.qvantumhealth.com\/es\/wp-json\/wp\/v2\/types\/product"}],"replies":[{"embeddable":true,"href":"https:\/\/staging.qvantumhealth.com\/es\/wp-json\/wp\/v2\/comments?post=8378"}],"version-history":[{"count":18,"href":"https:\/\/staging.qvantumhealth.com\/es\/wp-json\/wp\/v2\/product\/8378\/revisions"}],"predecessor-version":[{"id":10466,"href":"https:\/\/staging.qvantumhealth.com\/es\/wp-json\/wp\/v2\/product\/8378\/revisions\/10466"}],"wp:featuredmedia":[{"embeddable":true,"href":"https:\/\/staging.qvantumhealth.com\/es\/wp-json\/wp\/v2\/media\/12561"}],"wp:attachment":[{"href":"https:\/\/staging.qvantumhealth.com\/es\/wp-json\/wp\/v2\/media?parent=8378"}],"wp:term":[{"taxonomy":"product_brand","embeddable":true,"href":"https:\/\/staging.qvantumhealth.com\/es\/wp-json\/wp\/v2\/product_brand?post=8378"},{"taxonomy":"product_cat","embeddable":true,"href":"https:\/\/staging.qvantumhealth.com\/es\/wp-json\/wp\/v2\/product_cat?post=8378"},{"taxonomy":"product_tag","embeddable":true,"href":"https:\/\/staging.qvantumhealth.com\/es\/wp-json\/wp\/v2\/product_tag?post=8378"}],"curies":[{"name":"wp","href":"https:\/\/api.w.org\/{rel}","templated":true}]}}